{"id":297,"date":"2022-07-27T17:51:53","date_gmt":"2022-07-27T14:51:53","guid":{"rendered":"https:\/\/dortdivan.net\/?page_id=297"},"modified":"2022-07-27T17:51:53","modified_gmt":"2022-07-27T14:51:53","slug":"iz-birakanlar","status":"publish","type":"page","link":"https:\/\/dortdivan.net\/?page_id=297","title":{"rendered":"\u0130z B\u0131rakanlar"},"content":{"rendered":"","protected":false},"excerpt":{"rendered":"","protected":false},"author":1,"featured_media":0,"parent":0,"menu_order":0,"comment_status":"closed","ping_status":"closed","template":"","meta":{"ngg_post_thumbnail":0,"footnotes":""},"class_list":["post-297","page","type-page","status-publish","hentry"],"yoast_head":"<!-- This site is optimized with the Yoast SEO plugin v19.3 - https:\/\/yoast.com\/wordpress\/plugins\/seo\/ -->\r\n<title>\u0130z B\u0131rakanlar - Dortdivan.Net<\/title>\r\n<meta name=\"robots\" content=\"index, follow, max-snippet:-1, max-image-preview:large, max-video-preview:-1\" \/>\r\n<link rel=\"canonical\" href=\"https:\/\/dortdivan.net\/?page_id=297\" \/>\r\n<meta property=\"og:locale\" content=\"tr_TR\" \/>\r\n<meta property=\"og:type\" content=\"article\" \/>\r\n<meta property=\"og:title\" content=\"\u0130z B\u0131rakanlar - Dortdivan.Net\" \/>\r\n<meta property=\"og:url\" content=\"https:\/\/dortdivan.net\/?page_id=297\" \/>\r\n<meta property=\"og:site_name\" content=\"Dortdivan.Net\" \/>\r\n<meta name=\"twitter:card\" content=\"summary_large_image\" \/>\r\n<script type=\"application\/ld+json\" class=\"yoast-schema-graph\">{\"@context\":\"https:\/\/schema.org\",\"@graph\":[{\"@type\":\"WebSite\",\"@id\":\"https:\/\/dortdivan.net\/#website\",\"url\":\"https:\/\/dortdivan.net\/\",\"name\":\"Dortdivan.Net\",\"description\":\"G\u00fczel \u0130l\u00e7em...\",\"potentialAction\":[{\"@type\":\"SearchAction\",\"target\":{\"@type\":\"EntryPoint\",\"urlTemplate\":\"https:\/\/dortdivan.net\/?s={search_term_string}\"},\"query-input\":\"required name=search_term_string\"}],\"inLanguage\":\"tr\"},{\"@type\":\"WebPage\",\"@id\":\"https:\/\/dortdivan.net\/?page_id=297\",\"url\":\"https:\/\/dortdivan.net\/?page_id=297\",\"name\":\"\u0130z B\u0131rakanlar - Dortdivan.Net\",\"isPartOf\":{\"@id\":\"https:\/\/dortdivan.net\/#website\"},\"datePublished\":\"2022-07-27T14:51:53+00:00\",\"dateModified\":\"2022-07-27T14:51:53+00:00\",\"breadcrumb\":{\"@id\":\"https:\/\/dortdivan.net\/?page_id=297#breadcrumb\"},\"inLanguage\":\"tr\",\"potentialAction\":[{\"@type\":\"ReadAction\",\"target\":[\"https:\/\/dortdivan.net\/?page_id=297\"]}]},{\"@type\":\"BreadcrumbList\",\"@id\":\"https:\/\/dortdivan.net\/?page_id=297#breadcrumb\",\"itemListElement\":[{\"@type\":\"ListItem\",\"position\":1,\"name\":\"Anasayfa\",\"item\":\"https:\/\/dortdivan.net\/\"},{\"@type\":\"ListItem\",\"position\":2,\"name\":\"\u0130z B\u0131rakanlar\"}]}]}<\/script>\r\n<!-- \/ Yoast SEO plugin. -->","yoast_head_json":{"title":"\u0130z B\u0131rakanlar - Dortdivan.Net","robots":{"index":"index","follow":"follow","max-snippet":"max-snippet:-1","max-image-preview":"max-image-preview:large","max-video-preview":"max-video-preview:-1"},"canonical":"https:\/\/dortdivan.net\/?page_id=297","og_locale":"tr_TR","og_type":"article","og_title":"\u0130z B\u0131rakanlar - Dortdivan.Net","og_url":"https:\/\/dortdivan.net\/?page_id=297","og_site_name":"Dortdivan.Net","twitter_card":"summary_large_image","schema":{"@context":"https:\/\/schema.org","@graph":[{"@type":"WebSite","@id":"https:\/\/dortdivan.net\/#website","url":"https:\/\/dortdivan.net\/","name":"Dortdivan.Net","description":"G\u00fczel \u0130l\u00e7em...","potentialAction":[{"@type":"SearchAction","target":{"@type":"EntryPoint","urlTemplate":"https:\/\/dortdivan.net\/?s={search_term_string}"},"query-input":"required name=search_term_string"}],"inLanguage":"tr"},{"@type":"WebPage","@id":"https:\/\/dortdivan.net\/?page_id=297","url":"https:\/\/dortdivan.net\/?page_id=297","name":"\u0130z B\u0131rakanlar - Dortdivan.Net","isPartOf":{"@id":"https:\/\/dortdivan.net\/#website"},"datePublished":"2022-07-27T14:51:53+00:00","dateModified":"2022-07-27T14:51:53+00:00","breadcrumb":{"@id":"https:\/\/dortdivan.net\/?page_id=297#breadcrumb"},"inLanguage":"tr","potentialAction":[{"@type":"ReadAction","target":["https:\/\/dortdivan.net\/?page_id=297"]}]},{"@type":"BreadcrumbList","@id":"https:\/\/dortdivan.net\/?page_id=297#breadcrumb","itemListElement":[{"@type":"ListItem","position":1,"name":"Anasayfa","item":"https:\/\/dortdivan.net\/"},{"@type":"ListItem","position":2,"name":"\u0130z B\u0131rakanlar"}]}]}},"_links":{"self":[{"href":"https:\/\/dortdivan.net\/index.php?rest_route=\/wp\/v2\/pages\/297","targetHints":{"allow":["GET"]}}],"collection":[{"href":"https:\/\/dortdivan.net\/index.php?rest_route=\/wp\/v2\/pages"}],"about":[{"href":"https:\/\/dortdivan.net\/index.php?rest_route=\/wp\/v2\/types\/page"}],"author":[{"embeddable":true,"href":"https:\/\/dortdivan.net\/index.php?rest_route=\/wp\/v2\/users\/1"}],"replies":[{"embeddable":true,"href":"https:\/\/dortdivan.net\/index.php?rest_route=%2Fwp%2Fv2%2Fcomments&post=297"}],"version-history":[{"count":1,"href":"https:\/\/dortdivan.net\/index.php?rest_route=\/wp\/v2\/pages\/297\/revisions"}],"predecessor-version":[{"id":298,"href":"https:\/\/dortdivan.net\/index.php?rest_route=\/wp\/v2\/pages\/297\/revisions\/298"}],"wp:attachment":[{"href":"https:\/\/dortdivan.net\/index.php?rest_route=%2Fwp%2Fv2%2Fmedia&parent=297"}],"curies":[{"name":"wp","href":"https:\/\/api.w.org\/{rel}","templated":true}]}}